{"id":8,"date":"2025-09-28T15:56:32","date_gmt":"2025-09-28T14:56:32","guid":{"rendered":"https:\/\/oltenia-rurala.ro\/?page_id=8"},"modified":"2025-09-28T15:56:32","modified_gmt":"2025-09-28T14:56:32","slug":"contacts","status":"publish","type":"page","link":"https:\/\/oltenia-rurala.ro\/?page_id=8","title":{"rendered":"Contacts"},"content":{"rendered":"<p>Redactor \u0219ef &#8211; Octavian Ionescu<\/p>\n<p>Editor &#8211; Veronica Iancu<\/p>\n<p>Jurnalist &#8211; Felicia Tudor<\/p>\n<p>Reporter &#8211; Antonia Marin<\/p>\n<p>Cronicar &#8211; Silvia Andrei<\/p>\n<\/p>\n<p>mun. Chi\u015fin\u0103u, sec. Centru, str. \u015etefan cel Mare \u015fi Sf\u00e2nt bd., 81\/A, ap. 308, Moldova<br \/>home@oltenia-rurala.ro<\/p>\n","protected":false},"excerpt":{"rendered":"<p>Redactor \u0219ef &#8211; Octavian Ionescu Editor &#8211; Veronica Iancu Jurnalist &#8211; Felicia Tudor Reporter &#8211; Antonia Marin Cronicar &#8211; Silvia Andrei mun. Chi\u015fin\u0103u, sec. Centru, str. \u015etefan cel Mare \u015fi Sf\u00e2nt bd., 81\/A, ap. 308, Moldovahome@oltenia-rurala.ro<\/p>\n","protected":false},"author":1,"featured_media":0,"parent":0,"menu_order":0,"comment_status":"closed","ping_status":"closed","template":"","meta":{"footnotes":""},"class_list":["post-8","page","type-page","status-publish","hentry"],"_links":{"self":[{"href":"https:\/\/oltenia-rurala.ro\/index.php?rest_route=\/wp\/v2\/pages\/8","targetHints":{"allow":["GET"]}}],"collection":[{"href":"https:\/\/oltenia-rurala.ro\/index.php?rest_route=\/wp\/v2\/pages"}],"about":[{"href":"https:\/\/oltenia-rurala.ro\/index.php?rest_route=\/wp\/v2\/types\/page"}],"author":[{"embeddable":true,"href":"https:\/\/oltenia-rurala.ro\/index.php?rest_route=\/wp\/v2\/users\/1"}],"replies":[{"embeddable":true,"href":"https:\/\/oltenia-rurala.ro\/index.php?rest_route=%2Fwp%2Fv2%2Fcomments&post=8"}],"version-history":[{"count":1,"href":"https:\/\/oltenia-rurala.ro\/index.php?rest_route=\/wp\/v2\/pages\/8\/revisions"}],"predecessor-version":[{"id":9,"href":"https:\/\/oltenia-rurala.ro\/index.php?rest_route=\/wp\/v2\/pages\/8\/revisions\/9"}],"wp:attachment":[{"href":"https:\/\/oltenia-rurala.ro\/index.php?rest_route=%2Fwp%2Fv2%2Fmedia&parent=8"}],"curies":[{"name":"wp","href":"https:\/\/api.w.org\/{rel}","templated":true}]}}